{"id":1273,"date":"2015-02-06T09:13:59","date_gmt":"2015-02-06T09:13:59","guid":{"rendered":"https:\/\/volkangozuyukari.av.tr\/avukatlarimiz\/"},"modified":"2024-01-01T12:00:09","modified_gmt":"2024-01-01T12:00:09","slug":"our-attorneys","status":"publish","type":"page","link":"https:\/\/volkangozuyukari.av.tr\/en\/our-attorneys\/","title":{"rendered":"Ankara Attorney Volkan G\u00f6z\u00fcyukar\u0131"},"content":{"rendered":"<p><a href=\"http:\/\/volkangozuyukari.av.tr\/wp-content\/uploads\/hakkimizda.jpg\"><img loading=\"lazy\" decoding=\"async\" class=\"alignnone size-full wp-image-1054\" src=\"http:\/\/volkangozuyukari.av.tr\/wp-content\/uploads\/hakkimizda.jpg\" alt=\"hakkimizda\" width=\"1091\" height=\"267\" srcset=\"https:\/\/volkangozuyukari.av.tr\/wp-content\/uploads\/hakkimizda.jpg 1091w, https:\/\/volkangozuyukari.av.tr\/wp-content\/uploads\/hakkimizda-300x73.jpg 300w, https:\/\/volkangozuyukari.av.tr\/wp-content\/uploads\/hakkimizda-1024x251.jpg 1024w\" sizes=\"auto, (max-width: 1091px) 100vw, 1091px\" \/><\/a><\/p>\n<p>&nbsp;<\/p>\n<p><strong>Attorney VOLKAN G\u00d6Z\u00dcYUKARI;<\/strong><br \/>\nBorn in K\u0131r\u0131kkale, <strong>Attorney in Ankara<\/strong> Volkan G\u00d6Z\u00dcYUKARI completed his primary, secondary, and high school education in K\u0131r\u0131kkale. After graduating from \u00c7ankaya University Faculty of Law in 2009, he initiated his legal internship. Following the completion of his internship training, Attorney Volkan G\u00d6Z\u00dcYUKARI started practicing law independently in 2011 and continued his career as a freelance attorney by establishing G\u00f6z\u00fcyukar\u0131 Law &amp; Consultancy Office.<\/p>\n","protected":false},"excerpt":{"rendered":"<p>&nbsp; Attorney VOLKAN G\u00d6Z\u00dcYUKARI; Born in K\u0131r\u0131kkale, Attorney in Ankara Volkan G\u00d6Z\u00dcYUKARI completed his primary, secondary, and high school education in K\u0131r\u0131kkale. After graduating from \u00c7ankaya University Faculty of Law in 2009, he initiated his legal internship. Following the completion of his internship training, Attorney Volkan G\u00d6Z\u00dcYUKARI started practicing law independently in 2011 and continued [&hellip;]<\/p>\n","protected":false},"author":1,"featured_media":0,"parent":0,"menu_order":0,"comment_status":"closed","ping_status":"closed","template":"","meta":{"footnotes":"","_links_to":"","_links_to_target":""},"class_list":["post-1273","page","type-page","status-publish","hentry"],"aioseo_notices":[],"_links":{"self":[{"href":"https:\/\/volkangozuyukari.av.tr\/en\/wp-json\/wp\/v2\/pages\/1273","targetHints":{"allow":["GET"]}}],"collection":[{"href":"https:\/\/volkangozuyukari.av.tr\/en\/wp-json\/wp\/v2\/pages"}],"about":[{"href":"https:\/\/volkangozuyukari.av.tr\/en\/wp-json\/wp\/v2\/types\/page"}],"author":[{"embeddable":true,"href":"https:\/\/volkangozuyukari.av.tr\/en\/wp-json\/wp\/v2\/users\/1"}],"replies":[{"embeddable":true,"href":"https:\/\/volkangozuyukari.av.tr\/en\/wp-json\/wp\/v2\/comments?post=1273"}],"version-history":[{"count":2,"href":"https:\/\/volkangozuyukari.av.tr\/en\/wp-json\/wp\/v2\/pages\/1273\/revisions"}],"predecessor-version":[{"id":1289,"href":"https:\/\/volkangozuyukari.av.tr\/en\/wp-json\/wp\/v2\/pages\/1273\/revisions\/1289"}],"wp:attachment":[{"href":"https:\/\/volkangozuyukari.av.tr\/en\/wp-json\/wp\/v2\/media?parent=1273"}],"curies":[{"name":"wp","href":"https:\/\/api.w.org\/{rel}","templated":true}]}}