{"id":1276,"date":"2015-01-16T14:46:38","date_gmt":"2015-01-16T14:46:38","guid":{"rendered":"https:\/\/volkangozuyukari.av.tr\/hakkimizda\/"},"modified":"2024-01-01T12:08:54","modified_gmt":"2024-01-01T12:08:54","slug":"about-us","status":"publish","type":"page","link":"https:\/\/volkangozuyukari.av.tr\/en\/about-us\/","title":{"rendered":"ABOUT US"},"content":{"rendered":"<p style=\"text-align: justify;\"><img loading=\"lazy\" decoding=\"async\" class=\" size-full wp-image-1054 aligncenter\" src=\"http:\/\/volkangozuyukari.av.tr\/wp-content\/uploads\/hakkimizda.jpg\" alt=\"hakkimizda\" width=\"1091\" height=\"267\" srcset=\"https:\/\/volkangozuyukari.av.tr\/wp-content\/uploads\/hakkimizda.jpg 1091w, https:\/\/volkangozuyukari.av.tr\/wp-content\/uploads\/hakkimizda-300x73.jpg 300w, https:\/\/volkangozuyukari.av.tr\/wp-content\/uploads\/hakkimizda-1024x251.jpg 1024w\" sizes=\"auto, (max-width: 1091px) 100vw, 1091px\" \/><\/p>\n<p><strong>ABOUT G\u00d6Z\u00dcYUKARI LAW FIRM AND CONSULTANCY;<\/strong><\/p>\n<p style=\"text-align: justify;\">Established by Av. Volkan G\u00d6Z\u00dcYUKARI in Ankara, the firm provides services in the fields of Family Law, Execution Law, Tax Law, Commercial Law, Criminal Law, Energy Law (EPDK), and Labor Law with its expert and experienced team.<\/p>\n<p style=\"text-align: justify;\">With its young, dynamic, and experienced team, our office is committed to resolving execution proceedings and cases as quickly as possible. Our approach involves not only initiating demands and lawsuits in execution files but also exploring alternative methods such as conciliation and settlement to reach a resolution. We aim to prevent disputes before they arise by informing our clients with various preventive legal advice.<\/p>\n<p style=\"text-align: justify;\">Our law firm is guided by the principles of honesty and trust required by the legal profession. Our employees are obligated to preserve all information and documents belonging to clients under the obligation of confidentiality. In any dispute or lawsuit, possible risks and possibilities are communicated to clients, and their approval is obtained. To provide quality service to our clients, our office collaborates and consults with other law firms operating nationally and internationally, as well as experts and institutions in their respective fields.<\/p>\n<p style=\"text-align: justify;\">G\u00f6z\u00fcyukar\u0131 Law Firm &amp; Consultancy provides consultancy services to many reputable companies in Istanbul, Ankara, and K\u0131r\u0131kkale.<\/p>\n<p style=\"text-align: justify;\">Our office continues its operations with 4 lawyers and 2 clerks.<\/p>\n","protected":false},"excerpt":{"rendered":"<p>ABOUT G\u00d6Z\u00dcYUKARI LAW FIRM AND CONSULTANCY; Established by Av. Volkan G\u00d6Z\u00dcYUKARI in Ankara, the firm provides services in the fields of Family Law, Execution Law, Tax Law, Commercial Law, Criminal Law, Energy Law (EPDK), and Labor Law with its expert and experienced team. With its young, dynamic, and experienced team, our office is committed to [&hellip;]<\/p>\n","protected":false},"author":1,"featured_media":0,"parent":0,"menu_order":0,"comment_status":"closed","ping_status":"closed","template":"page-sol.php","meta":{"footnotes":"","_links_to":"","_links_to_target":""},"class_list":["post-1276","page","type-page","status-publish","hentry"],"aioseo_notices":[],"_links":{"self":[{"href":"https:\/\/volkangozuyukari.av.tr\/en\/wp-json\/wp\/v2\/pages\/1276","targetHints":{"allow":["GET"]}}],"collection":[{"href":"https:\/\/volkangozuyukari.av.tr\/en\/wp-json\/wp\/v2\/pages"}],"about":[{"href":"https:\/\/volkangozuyukari.av.tr\/en\/wp-json\/wp\/v2\/types\/page"}],"author":[{"embeddable":true,"href":"https:\/\/volkangozuyukari.av.tr\/en\/wp-json\/wp\/v2\/users\/1"}],"replies":[{"embeddable":true,"href":"https:\/\/volkangozuyukari.av.tr\/en\/wp-json\/wp\/v2\/comments?post=1276"}],"version-history":[{"count":2,"href":"https:\/\/volkangozuyukari.av.tr\/en\/wp-json\/wp\/v2\/pages\/1276\/revisions"}],"predecessor-version":[{"id":1312,"href":"https:\/\/volkangozuyukari.av.tr\/en\/wp-json\/wp\/v2\/pages\/1276\/revisions\/1312"}],"wp:attachment":[{"href":"https:\/\/volkangozuyukari.av.tr\/en\/wp-json\/wp\/v2\/media?parent=1276"}],"curies":[{"name":"wp","href":"https:\/\/api.w.org\/{rel}","templated":true}]}}