{"id":1279,"date":"2015-01-17T08:29:26","date_gmt":"2015-01-17T08:29:26","guid":{"rendered":"https:\/\/volkangozuyukari.av.tr\/vekaletname-bilgileri\/"},"modified":"2024-01-01T12:12:43","modified_gmt":"2024-01-01T12:12:43","slug":"power-of-attorney-details","status":"publish","type":"page","link":"https:\/\/volkangozuyukari.av.tr\/en\/power-of-attorney-details\/","title":{"rendered":"POWER OF ATTORNEY DETAILS"},"content":{"rendered":"<p><img loading=\"lazy\" decoding=\"async\" class=\" size-full wp-image-1062 aligncenter\" src=\"http:\/\/volkangozuyukari.av.tr\/wp-content\/uploads\/vekaletname.jpg\" alt=\"vekaletname\" width=\"1091\" height=\"267\" srcset=\"https:\/\/volkangozuyukari.av.tr\/wp-content\/uploads\/vekaletname.jpg 1091w, https:\/\/volkangozuyukari.av.tr\/wp-content\/uploads\/vekaletname-300x73.jpg 300w, https:\/\/volkangozuyukari.av.tr\/wp-content\/uploads\/vekaletname-1024x251.jpg 1024w\" sizes=\"auto, (max-width: 1091px) 100vw, 1091px\" \/><\/p>\n<table class=\"table\" width=\"100%\" cellspacing=\"0\" cellpadding=\"0\">\n<tbody>\n<tr>\n<td colspan=\"2\" width=\"128\" height=\"20\"><span style=\"color: #ff0000;\"><strong>ATTORNEY VOLKAN G\u00d6Z\u00dcYUKARI<\/strong><\/span><\/td>\n<\/tr>\n<tr>\n<td height=\"20\"><strong>Ankara Bar Association Registration No:<\/strong><\/td>\n<td style=\"text-align: left;\" align=\"right\">22660<\/td>\n<\/tr>\n<tr>\n<td height=\"20\"><strong>Republic of Turkey ID No:<\/strong><\/td>\n<td style=\"text-align: left;\" align=\"right\">26774594644<\/td>\n<\/tr>\n<tr>\n<td height=\"20\"><strong>Address:<\/strong><\/td>\n<td>Mevlana Bulvar\u0131 (Konya yolu) No:182\/17 Ege Plaza \u00c7ankaya\/Ankara<\/td>\n<\/tr>\n<tr>\n<td height=\"20\"><strong>Authorities:<\/strong><\/td>\n<td>Possession Acquisition, From Appeal to Dismissal, Reconciliation and Acceptance, Acceptance of the Lawsuit and To Waive<\/td>\n<\/tr>\n<\/tbody>\n<\/table>\n<p style=\"text-align: justify;\"><b><strong>Important:<\/strong><\/b> Since the powers of attorney for divorce cases need to have photos, when you go to the notary, be sure to bring 2 photos with you and specify that you are getting a <b><strong>power of attorney for divorce<\/strong><\/b>.<\/p>\n<p style=\"text-align: justify;\"><b><strong>When obtaining a power of attorney for companies<\/strong><\/b>, if it is issued on behalf of the company and individually, a power of attorney will be issued for both the company and the individual, avoiding the need for a second process.<\/p>\n","protected":false},"excerpt":{"rendered":"<p>ATTORNEY VOLKAN G\u00d6Z\u00dcYUKARI Ankara Bar Association Registration No: 22660 Republic of Turkey ID No: 26774594644 Address: Mevlana Bulvar\u0131 (Konya yolu) No:182\/17 Ege Plaza \u00c7ankaya\/Ankara Authorities: Possession Acquisition, From Appeal to Dismissal, Reconciliation and Acceptance, Acceptance of the Lawsuit and To Waive Important: Since the powers of attorney for divorce cases need to have photos, when [&hellip;]<\/p>\n","protected":false},"author":1,"featured_media":0,"parent":0,"menu_order":0,"comment_status":"closed","ping_status":"closed","template":"page-sol.php","meta":{"footnotes":"","_links_to":"","_links_to_target":""},"class_list":["post-1279","page","type-page","status-publish","hentry"],"aioseo_notices":[],"_links":{"self":[{"href":"https:\/\/volkangozuyukari.av.tr\/en\/wp-json\/wp\/v2\/pages\/1279","targetHints":{"allow":["GET"]}}],"collection":[{"href":"https:\/\/volkangozuyukari.av.tr\/en\/wp-json\/wp\/v2\/pages"}],"about":[{"href":"https:\/\/volkangozuyukari.av.tr\/en\/wp-json\/wp\/v2\/types\/page"}],"author":[{"embeddable":true,"href":"https:\/\/volkangozuyukari.av.tr\/en\/wp-json\/wp\/v2\/users\/1"}],"replies":[{"embeddable":true,"href":"https:\/\/volkangozuyukari.av.tr\/en\/wp-json\/wp\/v2\/comments?post=1279"}],"version-history":[{"count":2,"href":"https:\/\/volkangozuyukari.av.tr\/en\/wp-json\/wp\/v2\/pages\/1279\/revisions"}],"predecessor-version":[{"id":1315,"href":"https:\/\/volkangozuyukari.av.tr\/en\/wp-json\/wp\/v2\/pages\/1279\/revisions\/1315"}],"wp:attachment":[{"href":"https:\/\/volkangozuyukari.av.tr\/en\/wp-json\/wp\/v2\/media?parent=1279"}],"curies":[{"name":"wp","href":"https:\/\/api.w.org\/{rel}","templated":true}]}}